{"id":688,"date":"2015-10-10T21:55:32","date_gmt":"2015-10-10T19:55:32","guid":{"rendered":"http:\/\/volleyball.sv-liebertwolkwitz.de\/?page_id=688"},"modified":"2015-10-10T22:06:41","modified_gmt":"2015-10-10T20:06:41","slug":"aktuelles","status":"publish","type":"page","link":"https:\/\/volleyball.sv-liebertwolkwitz.de\/?page_id=688","title":{"rendered":"Aktuelles"},"content":{"rendered":"<div class=\"display-posts-listing\"><div class=\"listing-item\"><a class=\"title\" href=\"https:\/\/volleyball.sv-liebertwolkwitz.de\/?p=1727\">Zwei Mixed-Teams beim SV Liebertwolkwitz am Start!<\/a> <span class=\"date\">04.06.2025<\/span> <span class=\"excerpt-dash\">-<\/span> <span class=\"excerpt\">Der SV Liebertwolkwitz freut sich, bekanntzugeben, dass wir nun mit zwei Mixed-Volleyballmannschaften aktiv am Spielbetrieb teilnehmen! Beide Teams starten in der Mixed-Liga und vertreten unseren Verein mit Teamgeist, Spielfreude und sportlichem Ehrgeiz. Ob erfahrene Spieler:innen oder ambitionierte Neuzug\u00e4nge \u2013 in beiden Mannschaften steht der Spa\u00df am Volleyball im Vordergrund, gepaart mit&#46;&#46;&#46;<\/span><\/div><div class=\"listing-item\"><a class=\"image\" href=\"https:\/\/volleyball.sv-liebertwolkwitz.de\/?p=1301\"><img loading=\"lazy\" decoding=\"async\" width=\"150\" height=\"94\" src=\"https:\/\/volleyball.sv-liebertwolkwitz.de\/wp-content\/uploads\/sites\/4\/2017\/10\/2017-10-18-Freizeitteam-HP1.jpg\" class=\"attachment-thumbnail size-thumbnail wp-post-image\" alt=\"\" \/><\/a> <a class=\"title\" href=\"https:\/\/volleyball.sv-liebertwolkwitz.de\/?p=1301\">Freizeitteam sucht neue Mitspieler<\/a> <span class=\"date\">19.10.2017<\/span> <span class=\"excerpt-dash\">-<\/span> <span class=\"excerpt\">Zur Verst\u00e4rkung unserer gemischten Freizeitmannschaft im Volleyball suchen wir motivierte Spieler, die regelm\u00e4\u00dfig, einmal in der Woche bei uns mitspielen wollen. Geschlecht und Alter spielen keine Rolle, Hauptsache, Ihr habt Freude am Spiel. Bei uns wird der Spa\u00df am Spiel und das nette Miteinander gro\u00dfgeschrieben. Es gibt keinen Leistungsdruck oder zu&#46;&#46;&#46;<\/span><\/div><div class=\"listing-item\"><a class=\"image\" href=\"https:\/\/volleyball.sv-liebertwolkwitz.de\/?p=1158\"><img loading=\"lazy\" decoding=\"async\" width=\"150\" height=\"150\" src=\"https:\/\/volleyball.sv-liebertwolkwitz.de\/wp-content\/uploads\/sites\/4\/2017\/01\/1-150x150.jpg\" class=\"attachment-thumbnail size-thumbnail wp-post-image\" alt=\"\" srcset=\"https:\/\/volleyball.sv-liebertwolkwitz.de\/wp-content\/uploads\/sites\/4\/2017\/01\/1-150x150.jpg 150w, https:\/\/volleyball.sv-liebertwolkwitz.de\/wp-content\/uploads\/sites\/4\/2017\/01\/1-160x160.jpg 160w, https:\/\/volleyball.sv-liebertwolkwitz.de\/wp-content\/uploads\/sites\/4\/2017\/01\/1-320x320.jpg 320w\" sizes=\"auto, (max-width: 150px) 100vw, 150px\" \/><\/a> <a class=\"title\" href=\"https:\/\/volleyball.sv-liebertwolkwitz.de\/?p=1158\">14. Mondscheincup 2017<\/a> <span class=\"date\">14.01.2017<\/span> <span class=\"excerpt-dash\">-<\/span> <span class=\"excerpt\">14. Mondscheincup 2017 Am 14.01.2017 war es wieder soweit, in der heimischen Halle des SV Liebertwolkwitz wurde durch den Veranstalter SV Energetik der allj\u00e4hrliche Mondscheincup veranstaltet und die Wolkser durften nat\u00fcrlich nicht fehlen. Mit 2 Mannschaften nahmen die Wolkser an diesem Turnier teil: Wolkser Netzk\u00e4mpfer Hello Sunshine und errungen unter sportlichem&#46;&#46;&#46;<\/span><\/div><div class=\"listing-item\"><a class=\"image\" href=\"https:\/\/volleyball.sv-liebertwolkwitz.de\/?p=1164\"><img loading=\"lazy\" decoding=\"async\" width=\"150\" height=\"150\" src=\"https:\/\/volleyball.sv-liebertwolkwitz.de\/wp-content\/uploads\/sites\/4\/2017\/01\/DSC02136-150x150.jpg\" class=\"attachment-thumbnail size-thumbnail wp-post-image\" alt=\"\" srcset=\"https:\/\/volleyball.sv-liebertwolkwitz.de\/wp-content\/uploads\/sites\/4\/2017\/01\/DSC02136-150x150.jpg 150w, https:\/\/volleyball.sv-liebertwolkwitz.de\/wp-content\/uploads\/sites\/4\/2017\/01\/DSC02136-160x160.jpg 160w, https:\/\/volleyball.sv-liebertwolkwitz.de\/wp-content\/uploads\/sites\/4\/2017\/01\/DSC02136-320x320.jpg 320w\" sizes=\"auto, (max-width: 150px) 100vw, 150px\" \/><\/a> <a class=\"title\" href=\"https:\/\/volleyball.sv-liebertwolkwitz.de\/?p=1164\">Weihnachtsfeier SVL 2016<\/a> <span class=\"date\">16.12.2016<\/span> <span class=\"excerpt-dash\">-<\/span> <span class=\"excerpt\">HO HO HO!! Es Weihnachtet sehr&#8230; Am Freitag den 16.12.2016 trafen sich die M\u00e4nner und Frauen des SV Liebertwolkwitz Volleyball im US Play im neuen Messegel\u00e4nde. Zu einem Freitag mal nicht in Sportsachen, aber mit der Absicht das gemeinsame sportliche Jahr zu feiern. Im amerikanischen Restaurant wurde sich zuerst gest\u00e4rkt und&#46;&#46;&#46;<\/span><\/div><div class=\"listing-item\"><a class=\"image\" href=\"https:\/\/volleyball.sv-liebertwolkwitz.de\/?p=1085\"><img loading=\"lazy\" decoding=\"async\" width=\"150\" height=\"150\" src=\"https:\/\/volleyball.sv-liebertwolkwitz.de\/wp-content\/uploads\/sites\/4\/2015\/09\/P1050181-150x150.jpg\" class=\"attachment-thumbnail size-thumbnail wp-post-image\" alt=\"\" srcset=\"https:\/\/volleyball.sv-liebertwolkwitz.de\/wp-content\/uploads\/sites\/4\/2015\/09\/P1050181-150x150.jpg 150w, https:\/\/volleyball.sv-liebertwolkwitz.de\/wp-content\/uploads\/sites\/4\/2015\/09\/P1050181-160x160.jpg 160w, https:\/\/volleyball.sv-liebertwolkwitz.de\/wp-content\/uploads\/sites\/4\/2015\/09\/P1050181-320x320.jpg 320w\" sizes=\"auto, (max-width: 150px) 100vw, 150px\" \/><\/a> <a class=\"title\" href=\"https:\/\/volleyball.sv-liebertwolkwitz.de\/?p=1085\">Die Beachsaison kann beginnen!!!!<\/a> <span class=\"date\">23.04.2016<\/span> <span class=\"excerpt-dash\">-<\/span> <span class=\"excerpt\">Die Beachsaison 2018 kann beginnen!! &nbsp; Anfang Mai waren die Volleyballer mit Rechen, Spaten und Grubber auf dem Beachplatz aktiv. Der Platz ist jetzt wieder fit f\u00fcr die neue Saison. &nbsp;<\/span><\/div><div class=\"listing-item\"><a class=\"image\" href=\"https:\/\/volleyball.sv-liebertwolkwitz.de\/?p=1038\"><img loading=\"lazy\" decoding=\"async\" width=\"150\" height=\"150\" src=\"https:\/\/volleyball.sv-liebertwolkwitz.de\/wp-content\/uploads\/sites\/4\/2016\/03\/team8-150x150.jpg\" class=\"attachment-thumbnail size-thumbnail wp-post-image\" alt=\"\" srcset=\"https:\/\/volleyball.sv-liebertwolkwitz.de\/wp-content\/uploads\/sites\/4\/2016\/03\/team8-150x150.jpg 150w, https:\/\/volleyball.sv-liebertwolkwitz.de\/wp-content\/uploads\/sites\/4\/2016\/03\/team8-160x160.jpg 160w, https:\/\/volleyball.sv-liebertwolkwitz.de\/wp-content\/uploads\/sites\/4\/2016\/03\/team8-320x320.jpg 320w\" sizes=\"auto, (max-width: 150px) 100vw, 150px\" \/><\/a> <a class=\"title\" href=\"https:\/\/volleyball.sv-liebertwolkwitz.de\/?p=1038\">13. Mondscheincup 2016<\/a> <span class=\"date\">12.03.2016<\/span> <span class=\"excerpt-dash\">-<\/span> <span class=\"excerpt\">13. Mondscheincup 2016 Am 12.03.2016 war es wieder soweit, in der heimischen Halle des SV Liebertwolkwitz wurde durch den Veranstalter SV Energetik der allj\u00e4hrliche Mondscheincup veranstaltet und die Wolkser durften nat\u00fcrlich nicht fehlen. Mit 2 Mannschaften nahmen die Wolkser an diesem Turnier teil: Wolkser Netzk\u00e4mpfer Hello Sunshine und errungen unter sportlichem&#46;&#46;&#46;<\/span><\/div><div class=\"listing-item\"><a class=\"image\" href=\"https:\/\/volleyball.sv-liebertwolkwitz.de\/?p=1022\"><img loading=\"lazy\" decoding=\"async\" width=\"150\" height=\"150\" src=\"https:\/\/volleyball.sv-liebertwolkwitz.de\/wp-content\/uploads\/sites\/4\/2015\/10\/MIXED-e1444680544286-150x150.jpg\" class=\"attachment-thumbnail size-thumbnail wp-post-image\" alt=\"\" srcset=\"https:\/\/volleyball.sv-liebertwolkwitz.de\/wp-content\/uploads\/sites\/4\/2015\/10\/MIXED-e1444680544286-150x150.jpg 150w, https:\/\/volleyball.sv-liebertwolkwitz.de\/wp-content\/uploads\/sites\/4\/2015\/10\/MIXED-e1444680544286-160x160.jpg 160w, https:\/\/volleyball.sv-liebertwolkwitz.de\/wp-content\/uploads\/sites\/4\/2015\/10\/MIXED-e1444680544286-320x320.jpg 320w\" sizes=\"auto, (max-width: 150px) 100vw, 150px\" \/><\/a> <a class=\"title\" href=\"https:\/\/volleyball.sv-liebertwolkwitz.de\/?p=1022\">7. Spieltag Mixed Liga:  SV 1863 Belgershain &#8211; Wolkser Netzk\u00e4mpfer<\/a> <span class=\"date\">05.03.2016<\/span> <span class=\"excerpt-dash\">-<\/span> <span class=\"excerpt\">SV 1863 Belgershain &#8211; Wolkser Netzk\u00e4mpfer Satz 20:25 Satz 23:25 Satz 25:27 Am 24.02. waren unsere Netzk\u00e4mpfer beim SV Belgershain eingeladen, um das R\u00fcckspiel zu absolvieren. Zwar konnten wir das Hinspiel mit 3:1 relativ deutlich f\u00fcr uns entscheiden, jedoch sollte kein Gegner untersch\u00e4tzt werden. F\u00fcr die Tabellensituation und den angestrebten Aufstieg&#46;&#46;&#46;<\/span><\/div><div class=\"listing-item\"><a class=\"image\" href=\"https:\/\/volleyball.sv-liebertwolkwitz.de\/?p=988\"><img loading=\"lazy\" decoding=\"async\" width=\"150\" height=\"150\" src=\"https:\/\/volleyball.sv-liebertwolkwitz.de\/wp-content\/uploads\/sites\/4\/2016\/02\/cellhoppers-150x150.png\" class=\"attachment-thumbnail size-thumbnail wp-post-image\" alt=\"\" srcset=\"https:\/\/volleyball.sv-liebertwolkwitz.de\/wp-content\/uploads\/sites\/4\/2016\/02\/cellhoppers-150x150.png 150w, https:\/\/volleyball.sv-liebertwolkwitz.de\/wp-content\/uploads\/sites\/4\/2016\/02\/cellhoppers-160x160.png 160w, https:\/\/volleyball.sv-liebertwolkwitz.de\/wp-content\/uploads\/sites\/4\/2016\/02\/cellhoppers-320x320.png 320w\" sizes=\"auto, (max-width: 150px) 100vw, 150px\" \/><\/a> <a class=\"title\" href=\"https:\/\/volleyball.sv-liebertwolkwitz.de\/?p=988\">6. Spieltag Mixed Liga:  Cellhoppers &#8211; Wolkser Netzk\u00e4mpfer<\/a> <span class=\"date\">14.02.2016<\/span> <span class=\"excerpt-dash\">-<\/span> <span class=\"excerpt\">Cellhoppers\u00a0&#8211; Wolkser Netzk\u00e4mpfer Satz 18:25 Satz 16:25 Satz 22:25 Am 04.02. besuchten wir die Cellhoppers zum R\u00fcckspiel in ihrer eigenen Halle. Nach dem bereits erfolgreich gemeisterten Hinspiel, war die Erwartung drei Punkte nach Hause zu holen gro\u00df. Wir traten als Team in der bisher gr\u00f6\u00dften Besetzung eines Ausw\u00e4rtsspiels auf, was neben&#46;&#46;&#46;<\/span><\/div><div class=\"listing-item\"><a class=\"image\" href=\"https:\/\/volleyball.sv-liebertwolkwitz.de\/?p=986\"><img loading=\"lazy\" decoding=\"async\" width=\"150\" height=\"150\" src=\"https:\/\/volleyball.sv-liebertwolkwitz.de\/wp-content\/uploads\/sites\/4\/2015\/10\/MIXED-e1444680544286-150x150.jpg\" class=\"attachment-thumbnail size-thumbnail wp-post-image\" alt=\"\" srcset=\"https:\/\/volleyball.sv-liebertwolkwitz.de\/wp-content\/uploads\/sites\/4\/2015\/10\/MIXED-e1444680544286-150x150.jpg 150w, https:\/\/volleyball.sv-liebertwolkwitz.de\/wp-content\/uploads\/sites\/4\/2015\/10\/MIXED-e1444680544286-160x160.jpg 160w, https:\/\/volleyball.sv-liebertwolkwitz.de\/wp-content\/uploads\/sites\/4\/2015\/10\/MIXED-e1444680544286-320x320.jpg 320w\" sizes=\"auto, (max-width: 150px) 100vw, 150px\" \/><\/a> <a class=\"title\" href=\"https:\/\/volleyball.sv-liebertwolkwitz.de\/?p=986\">5. Spieltag Mixed Liga:  Wolkser Netzk\u00e4mpfer &#8211; Wei\u00dfBlau Allianz<\/a> <span class=\"date\">20.01.2016<\/span> <span class=\"excerpt-dash\">-<\/span> <span class=\"excerpt\">Wolkser Netzk\u00e4mpfer &#8211; Wei\u00dfBlau Allianz Satz 19:25 Satz 23:25 Satz 25:11 Satz 25:19 Satz 15:6 Am 15.01. hatten die Wolkser Netzk\u00e4mpfer wieder Wei\u00dfBlau Allianz zu Gast um das angesetzte R\u00fcckspiel zu absolvieren. Nach dem \u00e4u\u00dferst knappen Sieg (3:2) im Oktober vergangenen Jahres, sollte auch dieses Spiel einiges an Spannung verhei\u00dfen. Im&#46;&#46;&#46;<\/span><\/div><div class=\"listing-item\"><a class=\"image\" href=\"https:\/\/volleyball.sv-liebertwolkwitz.de\/?p=890\"><img loading=\"lazy\" decoding=\"async\" width=\"150\" height=\"150\" src=\"https:\/\/volleyball.sv-liebertwolkwitz.de\/wp-content\/uploads\/sites\/4\/2015\/12\/DSC01700-150x150.jpg\" class=\"attachment-thumbnail size-thumbnail wp-post-image\" alt=\"\" srcset=\"https:\/\/volleyball.sv-liebertwolkwitz.de\/wp-content\/uploads\/sites\/4\/2015\/12\/DSC01700-150x150.jpg 150w, https:\/\/volleyball.sv-liebertwolkwitz.de\/wp-content\/uploads\/sites\/4\/2015\/12\/DSC01700-160x160.jpg 160w, https:\/\/volleyball.sv-liebertwolkwitz.de\/wp-content\/uploads\/sites\/4\/2015\/12\/DSC01700-320x320.jpg 320w\" sizes=\"auto, (max-width: 150px) 100vw, 150px\" \/><\/a> <a class=\"title\" href=\"https:\/\/volleyball.sv-liebertwolkwitz.de\/?p=890\">Vereinsweihnachtsfeier der Abteilung Volleyball<\/a> <span class=\"date\">18.12.2015<\/span> <span class=\"excerpt-dash\">-<\/span> <span class=\"excerpt\">Am Freitag den 18.12.2015 haben die M\u00e4nner und Frauen des SV Liebertwolkwitz Volleyball die Sportsachen zu einem Freitag mal zu Haus gelassen und es ging in das ebenfalls in Liebertwolkwitz gelegene Schwarzes Ross. Zur gemeinsamen Vereinsweihnachtsfeier der Abteilung Volleyball:) Dort trafen sich Alle zu einem gem\u00fctlichen Essen und im Anschluss Bowling&#46;&#46;&#46;<\/span><\/div><div class=\"listing-item\"><a class=\"image\" href=\"https:\/\/volleyball.sv-liebertwolkwitz.de\/?p=862\"><img loading=\"lazy\" decoding=\"async\" width=\"150\" height=\"150\" src=\"https:\/\/volleyball.sv-liebertwolkwitz.de\/wp-content\/uploads\/sites\/4\/2015\/10\/MIXED-e1444680544286-150x150.jpg\" class=\"attachment-thumbnail size-thumbnail wp-post-image\" alt=\"\" srcset=\"https:\/\/volleyball.sv-liebertwolkwitz.de\/wp-content\/uploads\/sites\/4\/2015\/10\/MIXED-e1444680544286-150x150.jpg 150w, https:\/\/volleyball.sv-liebertwolkwitz.de\/wp-content\/uploads\/sites\/4\/2015\/10\/MIXED-e1444680544286-160x160.jpg 160w, https:\/\/volleyball.sv-liebertwolkwitz.de\/wp-content\/uploads\/sites\/4\/2015\/10\/MIXED-e1444680544286-320x320.jpg 320w\" sizes=\"auto, (max-width: 150px) 100vw, 150px\" \/><\/a> <a class=\"title\" href=\"https:\/\/volleyball.sv-liebertwolkwitz.de\/?p=862\">4. Spieltag Mixed Liga:  Schlechtschmetterfront &#8211; Wolkser Netzk\u00e4mpfer<\/a> <span class=\"date\">26.11.2015<\/span> <span class=\"excerpt-dash\">-<\/span> <span class=\"excerpt\">Schlechtschmetterfront &#8211; Wolkser Netzk\u00e4mpfer Satz 17:25 Satz 27:25 Satz 15:25 Satz 21:25 Am 23.11. konnten wir uns zum ersten Mal ausw\u00e4rts beweisen. Da die Kollegen von Wei\u00dfBlau Allianz nicht antreten konnten, haben wir kurzer Hand diese Zeit f\u00fcr unsere (Nachhol-) Begegnung genutzt. In ungewohnt \u201eknapper\u201c Besetzung (3 Damen und 6 Herren)&#46;&#46;&#46;<\/span><\/div><div class=\"listing-item\"><a class=\"image\" href=\"https:\/\/volleyball.sv-liebertwolkwitz.de\/?p=812\"><img loading=\"lazy\" decoding=\"async\" width=\"150\" height=\"150\" src=\"https:\/\/volleyball.sv-liebertwolkwitz.de\/wp-content\/uploads\/sites\/4\/2015\/10\/MIXED-e1444680544286-150x150.jpg\" class=\"attachment-thumbnail size-thumbnail wp-post-image\" alt=\"\" srcset=\"https:\/\/volleyball.sv-liebertwolkwitz.de\/wp-content\/uploads\/sites\/4\/2015\/10\/MIXED-e1444680544286-150x150.jpg 150w, https:\/\/volleyball.sv-liebertwolkwitz.de\/wp-content\/uploads\/sites\/4\/2015\/10\/MIXED-e1444680544286-160x160.jpg 160w, https:\/\/volleyball.sv-liebertwolkwitz.de\/wp-content\/uploads\/sites\/4\/2015\/10\/MIXED-e1444680544286-320x320.jpg 320w\" sizes=\"auto, (max-width: 150px) 100vw, 150px\" \/><\/a> <a class=\"title\" href=\"https:\/\/volleyball.sv-liebertwolkwitz.de\/?p=812\">3. Spieltag Mixed Liga: Wolkser Netzk\u00e4mpfer &#8211; SV 1863 Belgershain<\/a> <span class=\"date\">04.11.2015<\/span> <span class=\"excerpt-dash\">-<\/span> <span class=\"excerpt\">Wolkser Netzk\u00e4mpfer &#8211;\u00a0SV 1863 Belgershain Satz 25:11 Satz 25:14 Satz 26:28 Satz 25:14 Wie geplant, fanden wir uns am 30.10., wieder zu Hause spielend, gegen unsere G\u00e4ste aus Belgershain zusammen. Gut gelaunt und mit viel Hoffnung auf den n\u00e4chsten Sieg liefen wir mit 5 Frauen und \u00fcber 10 M\u00e4nnern auf. Unser&#46;&#46;&#46;<\/span><\/div><div class=\"listing-item\"><a class=\"image\" href=\"https:\/\/volleyball.sv-liebertwolkwitz.de\/?p=791\"><img loading=\"lazy\" decoding=\"async\" width=\"150\" height=\"150\" src=\"https:\/\/volleyball.sv-liebertwolkwitz.de\/wp-content\/uploads\/sites\/4\/2015\/10\/IMG-20151022-WA0002-150x150.jpg\" class=\"attachment-thumbnail size-thumbnail wp-post-image\" alt=\"\" srcset=\"https:\/\/volleyball.sv-liebertwolkwitz.de\/wp-content\/uploads\/sites\/4\/2015\/10\/IMG-20151022-WA0002-150x150.jpg 150w, https:\/\/volleyball.sv-liebertwolkwitz.de\/wp-content\/uploads\/sites\/4\/2015\/10\/IMG-20151022-WA0002-160x160.jpg 160w, https:\/\/volleyball.sv-liebertwolkwitz.de\/wp-content\/uploads\/sites\/4\/2015\/10\/IMG-20151022-WA0002-320x320.jpg 320w\" sizes=\"auto, (max-width: 150px) 100vw, 150px\" \/><\/a> <a class=\"title\" href=\"https:\/\/volleyball.sv-liebertwolkwitz.de\/?p=791\">2. Spieltag Mixed Liga: Wolkser Netzk\u00e4mpfer &#8211; Wei\u00dfBlau Allianz<\/a> <span class=\"date\">21.10.2015<\/span> <span class=\"excerpt-dash\">-<\/span> <span class=\"excerpt\">Wolkser Netzk\u00e4mpfer &#8211;\u00a0Wei\u00dfBlau Allianz Satz 25:15 Satz 24:26 Satz 19:25 Satz 25:21 Satz \u00a015:9 Nach schwierigen Terminverhandlungen war es am 16.10. in heimischer Halle so weit &#8211; das Spiel gegen Wei\u00dfBlau Allianz.\u00a0In knapper Besetzung angereist, bewies Allianz, dass sie eines der\u00a0st\u00e4rksten Teams der Staffel D sind. Gute Annahme und Blockarbeit, sowie&#46;&#46;&#46;<\/span><\/div><div class=\"listing-item\"><a class=\"image\" href=\"https:\/\/volleyball.sv-liebertwolkwitz.de\/?p=684\"><img loading=\"lazy\" decoding=\"async\" width=\"150\" height=\"150\" src=\"https:\/\/volleyball.sv-liebertwolkwitz.de\/wp-content\/uploads\/sites\/4\/2015\/10\/MIXED-e1444680544286-150x150.jpg\" class=\"attachment-thumbnail size-thumbnail wp-post-image\" alt=\"\" srcset=\"https:\/\/volleyball.sv-liebertwolkwitz.de\/wp-content\/uploads\/sites\/4\/2015\/10\/MIXED-e1444680544286-150x150.jpg 150w, https:\/\/volleyball.sv-liebertwolkwitz.de\/wp-content\/uploads\/sites\/4\/2015\/10\/MIXED-e1444680544286-160x160.jpg 160w, https:\/\/volleyball.sv-liebertwolkwitz.de\/wp-content\/uploads\/sites\/4\/2015\/10\/MIXED-e1444680544286-320x320.jpg 320w\" sizes=\"auto, (max-width: 150px) 100vw, 150px\" \/><\/a> <a class=\"title\" href=\"https:\/\/volleyball.sv-liebertwolkwitz.de\/?p=684\">1. Spieltag Mixed Liga: Wolkser Netzk\u00e4mpfer &#8211; Cellhoppers<\/a> <span class=\"date\">08.10.2015<\/span> <span class=\"excerpt-dash\">-<\/span> <span class=\"excerpt\">Wolkser Netzk\u00e4mpfer &#8211; Cellhoppers Satz 25:22 Satz 24:26 Satz 25:23 Satz 25:13 Nachdem unsere Herren und Damen einiges an Erfahrung in eigenen Spielen sammeln konnten, wollten wir uns nun auch im Mixed-Bereich versuchen und weiteren sportlichen Herausforderungen stellen. Gesagt, getan. Am 02.10. war es dann soweit. Der erste Test als Mixedmannschaft&#46;&#46;&#46;<\/span><\/div><\/div>\n","protected":false},"excerpt":{"rendered":"","protected":false},"author":1,"featured_media":0,"parent":615,"menu_order":1,"comment_status":"closed","ping_status":"closed","template":"page-templates\/child-menu.php","meta":{"footnotes":""},"class_list":["post-688","page","type-page","status-publish","hentry"],"_links":{"self":[{"href":"https:\/\/volleyball.sv-liebertwolkwitz.de\/index.php?rest_route=\/wp\/v2\/pages\/688","targetHints":{"allow":["GET"]}}],"collection":[{"href":"https:\/\/volleyball.sv-liebertwolkwitz.de\/index.php?rest_route=\/wp\/v2\/pages"}],"about":[{"href":"https:\/\/volleyball.sv-liebertwolkwitz.de\/index.php?rest_route=\/wp\/v2\/types\/page"}],"author":[{"embeddable":true,"href":"https:\/\/volleyball.sv-liebertwolkwitz.de\/index.php?rest_route=\/wp\/v2\/users\/1"}],"replies":[{"embeddable":true,"href":"https:\/\/volleyball.sv-liebertwolkwitz.de\/index.php?rest_route=%2Fwp%2Fv2%2Fcomments&post=688"}],"version-history":[{"count":1,"href":"https:\/\/volleyball.sv-liebertwolkwitz.de\/index.php?rest_route=\/wp\/v2\/pages\/688\/revisions"}],"predecessor-version":[{"id":689,"href":"https:\/\/volleyball.sv-liebertwolkwitz.de\/index.php?rest_route=\/wp\/v2\/pages\/688\/revisions\/689"}],"up":[{"embeddable":true,"href":"https:\/\/volleyball.sv-liebertwolkwitz.de\/index.php?rest_route=\/wp\/v2\/pages\/615"}],"wp:attachment":[{"href":"https:\/\/volleyball.sv-liebertwolkwitz.de\/index.php?rest_route=%2Fwp%2Fv2%2Fmedia&parent=688"}],"curies":[{"name":"wp","href":"https:\/\/api.w.org\/{rel}","templated":true}]}}