{"id":621,"date":"2015-09-03T21:02:19","date_gmt":"2015-09-03T19:02:19","guid":{"rendered":"http:\/\/volleyball.sv-liebertwolkwitz.de\/?page_id=621"},"modified":"2025-06-04T13:54:59","modified_gmt":"2025-06-04T11:54:59","slug":"spielbetrieb","status":"publish","type":"page","link":"https:\/\/volleyball.sv-liebertwolkwitz.de\/?page_id=621","title":{"rendered":"Spielbetrieb"},"content":{"rendered":"<h3 data-start=\"118\" data-end=\"176\"><strong data-start=\"122\" data-end=\"176\">Zwei Mixed-Teams beim SV Liebertwolkwitz am Start!<\/strong><\/h3>\n<p data-start=\"178\" data-end=\"440\">Der SV Liebertwolkwitz freut sich, bekanntzugeben, dass wir nun mit <strong data-start=\"246\" data-end=\"283\">zwei Mixed-Volleyballmannschaften<\/strong> aktiv am Spielbetrieb teilnehmen! Beide Teams starten in der <strong data-start=\"345\" data-end=\"359\">Mixed-Liga<\/strong> und vertreten unseren Verein mit Teamgeist, Spielfreude und sportlichem Ehrgeiz.<\/p>\n<p data-start=\"442\" data-end=\"649\">Ob erfahrene Spieler:innen oder ambitionierte Neuzug\u00e4nge \u2013 in beiden Mannschaften steht der Spa\u00df am Volleyball im Vordergrund, gepaart mit dem Ziel, sich gemeinsam weiterzuentwickeln und Erfolge zu feiern.<\/p>\n<p data-start=\"651\" data-end=\"827\">Mit dem Aufbau eines zweiten Mixed-Teams schaffen wir mehr Raum f\u00fcr Spielpraxis, f\u00f6rdern die Gemeinschaft im Verein und setzen ein klares Zeichen f\u00fcr Wachstum und Zusammenhalt.<\/p>\n<p data-start=\"829\" data-end=\"958\">Wir w\u00fcnschen beiden Mannschaften eine erfolgreiche und verletzungsfreie Saison \u2013 auf viele spannende Spiele und gemeinsame Siege!<\/p>\n<p data-start=\"829\" data-end=\"958\">Unsere Teams stellen sich vor:<\/p>\n<p data-start=\"829\" data-end=\"958\"><a href=\"https:\/\/volleyball.sv-liebertwolkwitz.de\/?page_id=1731\">Wolkser Netzk\u00e4mpfer <\/a><\/p>\n<p data-start=\"829\" data-end=\"958\">Wolkser Netzgranaten<\/p>\n","protected":false},"excerpt":{"rendered":"<p>Zwei Mixed-Teams beim SV Liebertwolkwitz am Start! Der SV Liebertwolkwitz freut sich, bekanntzugeben, dass wir nun mit zwei Mixed-Volleyballmannschaften aktiv am Spielbetrieb teilnehmen! Beide Teams starten in der Mixed-Liga und vertreten unseren Verein mit Teamgeist, Spielfreude und sportlichem Ehrgeiz. Ob erfahrene Spieler:innen oder ambitionierte Neuzug\u00e4nge \u2013 in beiden Mannschaften steht der&#46;&#46;&#46;<\/p>\n","protected":false},"author":2,"featured_media":0,"parent":615,"menu_order":0,"comment_status":"closed","ping_status":"closed","template":"page-templates\/child-menu.php","meta":{"footnotes":""},"class_list":["post-621","page","type-page","status-publish","hentry"],"_links":{"self":[{"href":"https:\/\/volleyball.sv-liebertwolkwitz.de\/index.php?rest_route=\/wp\/v2\/pages\/621","targetHints":{"allow":["GET"]}}],"collection":[{"href":"https:\/\/volleyball.sv-liebertwolkwitz.de\/index.php?rest_route=\/wp\/v2\/pages"}],"about":[{"href":"https:\/\/volleyball.sv-liebertwolkwitz.de\/index.php?rest_route=\/wp\/v2\/types\/page"}],"author":[{"embeddable":true,"href":"https:\/\/volleyball.sv-liebertwolkwitz.de\/index.php?rest_route=\/wp\/v2\/users\/2"}],"replies":[{"embeddable":true,"href":"https:\/\/volleyball.sv-liebertwolkwitz.de\/index.php?rest_route=%2Fwp%2Fv2%2Fcomments&post=621"}],"version-history":[{"count":11,"href":"https:\/\/volleyball.sv-liebertwolkwitz.de\/index.php?rest_route=\/wp\/v2\/pages\/621\/revisions"}],"predecessor-version":[{"id":1681,"href":"https:\/\/volleyball.sv-liebertwolkwitz.de\/index.php?rest_route=\/wp\/v2\/pages\/621\/revisions\/1681"}],"up":[{"embeddable":true,"href":"https:\/\/volleyball.sv-liebertwolkwitz.de\/index.php?rest_route=\/wp\/v2\/pages\/615"}],"wp:attachment":[{"href":"https:\/\/volleyball.sv-liebertwolkwitz.de\/index.php?rest_route=%2Fwp%2Fv2%2Fmedia&parent=621"}],"curies":[{"name":"wp","href":"https:\/\/api.w.org\/{rel}","templated":true}]}}