{"id":229,"date":"2015-07-03T00:10:50","date_gmt":"2015-07-02T22:10:50","guid":{"rendered":"http:\/\/testserver.sv-liebertwolkwitz.de\/?page_id=229"},"modified":"2025-06-04T12:53:27","modified_gmt":"2025-06-04T10:53:27","slug":"beachvolleyball","status":"publish","type":"page","link":"https:\/\/volleyball.sv-liebertwolkwitz.de\/?page_id=229","title":{"rendered":"Beachvolleyball"},"content":{"rendered":"<p style=\"text-align: center;\">Im Sommer spielen wir auch gern mal auf unserer Beach-Anlage oder verlegen das Training nach drau\u00dfen. Ganz in der N\u00e4he der Halle, Prager Stra\u00dfe 440 in Liebertwolkwitz, ist unser Beach-Areal zu finden.<\/p>\n<p style=\"text-align: center;\"><img loading=\"lazy\" decoding=\"async\" class=\"alignnone wp-image-244 size-thumbnail\" src=\"\/wp-content\/uploads\/2015\/07\/Beach03-150x150.jpg\" alt=\"Beach\" width=\"150\" height=\"150\" srcset=\"https:\/\/volleyball.sv-liebertwolkwitz.de\/wp-content\/uploads\/sites\/4\/2015\/07\/Beach03-150x150.jpg 150w, https:\/\/volleyball.sv-liebertwolkwitz.de\/wp-content\/uploads\/sites\/4\/2015\/07\/Beach03-160x160.jpg 160w, https:\/\/volleyball.sv-liebertwolkwitz.de\/wp-content\/uploads\/sites\/4\/2015\/07\/Beach03-320x320.jpg 320w\" sizes=\"auto, (max-width: 150px) 100vw, 150px\" \/> <img loading=\"lazy\" decoding=\"async\" class=\"alignnone wp-image-243 size-thumbnail\" src=\"\/wp-content\/uploads\/2015\/07\/Beach02-150x150.jpg\" alt=\"Beach\" width=\"150\" height=\"150\" srcset=\"https:\/\/volleyball.sv-liebertwolkwitz.de\/wp-content\/uploads\/sites\/4\/2015\/07\/Beach02-150x150.jpg 150w, https:\/\/volleyball.sv-liebertwolkwitz.de\/wp-content\/uploads\/sites\/4\/2015\/07\/Beach02-160x160.jpg 160w, https:\/\/volleyball.sv-liebertwolkwitz.de\/wp-content\/uploads\/sites\/4\/2015\/07\/Beach02-320x320.jpg 320w\" sizes=\"auto, (max-width: 150px) 100vw, 150px\" \/> <img loading=\"lazy\" decoding=\"async\" class=\"alignnone wp-image-243 size-thumbnail\" src=\"\/wp-content\/uploads\/2015\/07\/BILD0082-150x150.jpg\" alt=\"Beach\" width=\"150\" height=\"150\" \/><\/p>\n<table border=\"0\">\n<tbody>\n<tr>\n<td colspan=\"2\">Damit jeder auf seine Kosten kommt, hier der<strong> Belegungsplan<\/strong>:<\/td>\n<\/tr>\n<tr>\n<td>Montag<\/td>\n<td>Vermietung m\u00f6glich<\/td>\n<\/tr>\n<tr>\n<td>Dienstag<\/td>\n<td>ab 18:00 Uhr &#8211; Freizeit (SVL)<\/td>\n<\/tr>\n<tr>\n<td>Mittwoch<\/td>\n<td>ab 17:30 Uhr &#8211; Damen SVL<\/td>\n<\/tr>\n<tr>\n<td>Donnerstag<\/td>\n<td>ab 18:00 Uhr &#8211; SVL-M\u00e4nner<\/td>\n<\/tr>\n<tr>\n<td>Freitag<\/td>\n<td>ab 17:00 Uhr Mix f\u00fcr alle Wolkser Volleys<\/td>\n<\/tr>\n<tr>\n<td>Samstag\/Sonntag<\/td>\n<td>frei &#8211; je nach individueller Absprache<\/td>\n<\/tr>\n<\/tbody>\n<\/table>\n","protected":false},"excerpt":{"rendered":"<p>Im Sommer spielen wir auch gern mal auf unserer Beach-Anlage oder verlegen das Training nach drau\u00dfen. Ganz in der N\u00e4he der Halle, Prager Stra\u00dfe 440 in Liebertwolkwitz, ist unser Beach-Areal zu finden. Damit jeder auf seine Kosten kommt, hier der Belegungsplan: Montag Vermietung m\u00f6glich Dienstag ab 18:00 Uhr &#8211; Freizeit (SVL)&#46;&#46;&#46;<\/p>\n","protected":false},"author":1,"featured_media":0,"parent":0,"menu_order":0,"comment_status":"closed","ping_status":"closed","template":"page-templates\/child-menu.php","meta":{"footnotes":""},"class_list":["post-229","page","type-page","status-publish","hentry"],"_links":{"self":[{"href":"https:\/\/volleyball.sv-liebertwolkwitz.de\/index.php?rest_route=\/wp\/v2\/pages\/229","targetHints":{"allow":["GET"]}}],"collection":[{"href":"https:\/\/volleyball.sv-liebertwolkwitz.de\/index.php?rest_route=\/wp\/v2\/pages"}],"about":[{"href":"https:\/\/volleyball.sv-liebertwolkwitz.de\/index.php?rest_route=\/wp\/v2\/types\/page"}],"author":[{"embeddable":true,"href":"https:\/\/volleyball.sv-liebertwolkwitz.de\/index.php?rest_route=\/wp\/v2\/users\/1"}],"replies":[{"embeddable":true,"href":"https:\/\/volleyball.sv-liebertwolkwitz.de\/index.php?rest_route=%2Fwp%2Fv2%2Fcomments&post=229"}],"version-history":[{"count":9,"href":"https:\/\/volleyball.sv-liebertwolkwitz.de\/index.php?rest_route=\/wp\/v2\/pages\/229\/revisions"}],"predecessor-version":[{"id":1726,"href":"https:\/\/volleyball.sv-liebertwolkwitz.de\/index.php?rest_route=\/wp\/v2\/pages\/229\/revisions\/1726"}],"wp:attachment":[{"href":"https:\/\/volleyball.sv-liebertwolkwitz.de\/index.php?rest_route=%2Fwp%2Fv2%2Fmedia&parent=229"}],"curies":[{"name":"wp","href":"https:\/\/api.w.org\/{rel}","templated":true}]}}