{"id":1349,"date":"2018-06-21T20:29:56","date_gmt":"2018-06-21T19:29:56","guid":{"rendered":"http:\/\/volleyball.sv-liebertwolkwitz.de\/?page_id=1349"},"modified":"2018-06-22T07:00:55","modified_gmt":"2018-06-22T06:00:55","slug":"datenschutz","status":"publish","type":"page","link":"https:\/\/volleyball.sv-liebertwolkwitz.de\/?page_id=1349","title":{"rendered":"Datenschutz"},"content":{"rendered":"<p><strong>Datenschutzklausel<\/strong><\/p>\n<p>Mit dem Beitritt eines Mitglieds nimmt der Verein Daten zum Mitglied auf. Dabei handelt es sich um folgende Angaben: Name, Vorname, Geburtsdatum, Geschlecht, Kontaktdaten (Anschrift, Telefonnummer, E-Mail-Adresse), Abteilung, Auszeichnungen und dem Spielbetrieb dienende Daten (notwendige Angaben auf dem Spielerpass, Angaben zu Trainier- oder \u00dcbungsleiterlizenzen).<\/p>\n<p>Das Mitglied erkl\u00e4rt sich einverstanden, dass die im Zusammenhang mit der Mitgliedschaft ben\u00f6tigten personenbezogenen Daten unter Ber\u00fccksichtigung der Vorgaben des Bundesdatenschutzgesetzes per EDV f\u00fcr den Verein erhoben, verarbeitet und genutzt werden.<\/p>\n<p>Die \u00fcberlassenen personenbezogenen Daten d\u00fcrfen ausschlie\u00dflich f\u00fcr Vereinszwecke verwendet werden. Hierzu z\u00e4hlen insbesondere die Mitgliederverwaltung, die Durchf\u00fchrung des Sport- und Spielbetriebes, die Weitergabe von Angaben zur namentlichen Mitgliedermeldung an den Stadtsportbund und Landessportbund und ggf. den jeweiligen Verband im Rahmen des Spielbetriebes, Ver\u00f6ffentlichungen von Ergebnissen in der Presse, im Internet sowie Aush\u00e4nge am \u201eSchwarzen Brett\u201c. Eine anderweitige Verarbeitung oder Nutzung durch Dritte ist nicht zul\u00e4ssig.<\/p>\n<p>Das einzelne Mitglied kann jederzeit gegen\u00fcber dem Vorstand Einw\u00e4nde gegen die Ver\u00f6ffentlichung seiner personenbezogenen Daten erheben bzw. seine erteilte Einwilligung in die Ver\u00f6ffentlichung widerrufen. Im Falle eines Einwandes bzw. Widerrufs unterbleiben weitere Ver\u00f6ffentlichungen zur seiner Person. Personenbezogene Daten des widerrufenden Mitglieds werden von der Homepage des Vereins entfernt. Die L\u00f6schung der Daten ausgeschiedener Mitglieder erfolgt nach Ablauf der gesetzlichen Aufbewahrungsfristen.<\/p>\n<p><strong>Datenschutzerkl\u00e4rung f\u00fcr die Nutzung von Google Analytics<\/strong><\/p>\n<p>Diese Website benutzt Google Analytics, einen Webanalysedienst der Google Inc. (\u201eGoogle\u201c). Google Analytics verwendet sog. \u201eCookies\u201c, Textdateien, die auf Ihrem Computer gespeichert werden und die eine Analyse der Benutzung der Website durch Sie erm\u00f6glichen. Die durch den Cookie erzeugten Informationen \u00fcber Ihre Benutzung dieser Website werden in der Regel an einen Server von Google in den USA \u00fcbertragen und dort gespeichert. Im Falle der Aktivierung der IP-Anonymisierung auf dieser Webseite wird Ihre IP-Adresse von Google jedoch innerhalb von Mitgliedstaaten der Europ\u00e4ischen Union oder in anderen Vertragsstaaten des Abkommens \u00fcber den Europ\u00e4ischen Wirtschaftsraum zuvor gek\u00fcrzt.<\/p>\n<p>Nur in Ausnahmef\u00e4llen wird die volle IP-Adresse an einen Server von Google in den USA \u00fcbertragen und dort gek\u00fcrzt. Im Auftrag des Betreibers dieser Website wird Google diese Informationen benutzen, um Ihre Nutzung der Website auszuwerten, um Reports \u00fcber die Websiteaktivit\u00e4ten zusammenzustellen und um weitere mit der Websitenutzung und der Internetnutzung verbundene Dienstleistungen gegen\u00fcber dem Websitebetreiber zu erbringen. Die im Rahmen von Google Analytics von Ihrem Browser \u00fcbermittelte IP-Adresse wird nicht mit anderen Daten von Google zusammengef\u00fchrt.<\/p>\n<p>Sie k\u00f6nnen die Speicherung der Cookies durch eine entsprechende Einstellung Ihrer Browser-Software verhindern; wir weisen Sie jedoch darauf hin, dass Sie in diesem Fall gegebenenfalls nicht s\u00e4mtliche Funktionen dieser Website vollumf\u00e4nglich werden nutzen k\u00f6nnen. Sie k\u00f6nnen dar\u00fcber hinaus die Erfassung der durch das Cookie erzeugten und auf Ihre Nutzung der Website bezogenen Daten (inkl. Ihrer IP-Adresse) an Google sowie die Verarbeitung dieser Daten durch Google verhindern, indem sie das unter dem folgenden Link verf\u00fcgbare Browser-Plugin herunterladen und installieren: <a href=\"http:\/\/tools.google.com\/dlpage\/gaoptout?hl=de\">http:\/\/tools.google.com\/dlpage\/gaoptout?hl=de<\/a>.<\/p>\n<div id=\"dmaker_preview\" class=\"code\">\n<p><i>Quellenangabe: <a href=\"https:\/\/www.e-recht24.de\/muster-datenschutzerklaerung.html\">https:\/\/www.e-recht24.de\/muster-datenschutzerklaerung.html;\u00a0<\/a><em><a href=\"http:\/\/www.google.com\/intl\/de_ALL\/analytics\/tos.html\" target=\"_blank\" rel=\"noopener\">Datenschutzerkl\u00e4rung f\u00fcr Google Analytics<\/a><\/em><\/i><\/p>\n<\/div>\n","protected":false},"excerpt":{"rendered":"<p>Datenschutzklausel Mit dem Beitritt eines Mitglieds nimmt der Verein Daten zum Mitglied auf. Dabei handelt es sich um folgende Angaben: Name, Vorname, Geburtsdatum, Geschlecht, Kontaktdaten (Anschrift, Telefonnummer, E-Mail-Adresse), Abteilung, Auszeichnungen und dem Spielbetrieb dienende Daten (notwendige Angaben auf dem Spielerpass, Angaben zu Trainier- oder \u00dcbungsleiterlizenzen). Das Mitglied erkl\u00e4rt sich einverstanden, dass&#46;&#46;&#46;<\/p>\n","protected":false},"author":1,"featured_media":0,"parent":0,"menu_order":0,"comment_status":"closed","ping_status":"closed","template":"","meta":{"footnotes":""},"class_list":["post-1349","page","type-page","status-publish","hentry"],"_links":{"self":[{"href":"https:\/\/volleyball.sv-liebertwolkwitz.de\/index.php?rest_route=\/wp\/v2\/pages\/1349","targetHints":{"allow":["GET"]}}],"collection":[{"href":"https:\/\/volleyball.sv-liebertwolkwitz.de\/index.php?rest_route=\/wp\/v2\/pages"}],"about":[{"href":"https:\/\/volleyball.sv-liebertwolkwitz.de\/index.php?rest_route=\/wp\/v2\/types\/page"}],"author":[{"embeddable":true,"href":"https:\/\/volleyball.sv-liebertwolkwitz.de\/index.php?rest_route=\/wp\/v2\/users\/1"}],"replies":[{"embeddable":true,"href":"https:\/\/volleyball.sv-liebertwolkwitz.de\/index.php?rest_route=%2Fwp%2Fv2%2Fcomments&post=1349"}],"version-history":[{"count":4,"href":"https:\/\/volleyball.sv-liebertwolkwitz.de\/index.php?rest_route=\/wp\/v2\/pages\/1349\/revisions"}],"predecessor-version":[{"id":1361,"href":"https:\/\/volleyball.sv-liebertwolkwitz.de\/index.php?rest_route=\/wp\/v2\/pages\/1349\/revisions\/1361"}],"wp:attachment":[{"href":"https:\/\/volleyball.sv-liebertwolkwitz.de\/index.php?rest_route=%2Fwp%2Fv2%2Fmedia&parent=1349"}],"curies":[{"name":"wp","href":"https:\/\/api.w.org\/{rel}","templated":true}]}}